{"id":22,"date":"2025-06-27T01:09:44","date_gmt":"2025-06-27T01:09:44","guid":{"rendered":"https:\/\/pilaresdelcastillo.com.co\/?page_id=22"},"modified":"2025-07-23T16:07:35","modified_gmt":"2025-07-23T16:07:35","slug":"ubicacion","status":"publish","type":"page","link":"https:\/\/pilaresdelcastillo.com.co\/?page_id=22","title":{"rendered":"\u00bfD\u00f3nde puedes encontrarnos?"},"content":{"rendered":"\n<p>Vis\u00edtanos en <\/p>\n\n\n\n<ul class=\"wp-block-list\">\n<li><strong>Caballeros de la Virgen<\/strong> &#8211; Vereda Los Salados &#8211;  El Retiro Antioquia.<\/li>\n<\/ul>\n\n\n\n<p>\ud83d\udccd <strong>Direcci\u00f3n:<\/strong> <a href=\"https:\/\/maps.app.goo.gl\/17okdZ133dXw6moEA\">https:\/\/maps.app.goo.gl\/17okdZ133dXw6moEA<\/a>  <\/p>\n\n\n\n<p><\/p>\n\n\n\n<p>\ud83d\udd52 <strong>Horario de atenci\u00f3n:<\/strong><br>Todos los d\u00edas de la semana, de 9:00 am a 12:00 m y de 1:30 pm a 5:00 pm.<br><em>Los horarios de la Santa Misa, la adoraci\u00f3n eucar\u00edstica y otras celebraciones lit\u00fargicas pueden consultarse en la secci\u00f3n correspondiente de esta p\u00e1gina.<\/em><\/p>\n","protected":false},"excerpt":{"rendered":"<p>Vis\u00edtanos en \ud83d\udccd Direcci\u00f3n: https:\/\/maps.app.goo.gl\/17okdZ133dXw6moEA \ud83d\udd52 Horario de atenci\u00f3n:Todos los d\u00edas de la semana, de 9:00 am a 12:00 m y de 1:30 pm a 5:00 pm.Los horarios de la Santa Misa, la adoraci\u00f3n eucar\u00edstica y otras celebraciones lit\u00fargicas pueden consultarse en la secci\u00f3n correspondiente de esta p\u00e1gina.<\/p>\n","protected":false},"author":1,"featured_media":90,"parent":0,"menu_order":0,"comment_status":"closed","ping_status":"closed","template":"","meta":{"footnotes":""},"class_list":["post-22","page","type-page","status-publish","has-post-thumbnail","hentry"],"_links":{"self":[{"href":"https:\/\/pilaresdelcastillo.com.co\/index.php?rest_route=\/wp\/v2\/pages\/22","targetHints":{"allow":["GET"]}}],"collection":[{"href":"https:\/\/pilaresdelcastillo.com.co\/index.php?rest_route=\/wp\/v2\/pages"}],"about":[{"href":"https:\/\/pilaresdelcastillo.com.co\/index.php?rest_route=\/wp\/v2\/types\/page"}],"author":[{"embeddable":true,"href":"https:\/\/pilaresdelcastillo.com.co\/index.php?rest_route=\/wp\/v2\/users\/1"}],"replies":[{"embeddable":true,"href":"https:\/\/pilaresdelcastillo.com.co\/index.php?rest_route=%2Fwp%2Fv2%2Fcomments&post=22"}],"version-history":[{"count":4,"href":"https:\/\/pilaresdelcastillo.com.co\/index.php?rest_route=\/wp\/v2\/pages\/22\/revisions"}],"predecessor-version":[{"id":89,"href":"https:\/\/pilaresdelcastillo.com.co\/index.php?rest_route=\/wp\/v2\/pages\/22\/revisions\/89"}],"wp:featuredmedia":[{"embeddable":true,"href":"https:\/\/pilaresdelcastillo.com.co\/index.php?rest_route=\/wp\/v2\/media\/90"}],"wp:attachment":[{"href":"https:\/\/pilaresdelcastillo.com.co\/index.php?rest_route=%2Fwp%2Fv2%2Fmedia&parent=22"}],"curies":[{"name":"wp","href":"https:\/\/api.w.org\/{rel}","templated":true}]}}